{"id":8000,"date":"2021-03-28T09:34:36","date_gmt":"2021-03-28T12:34:36","guid":{"rendered":"https:\/\/www.falconridgeinn.nb.ca\/explore-bay-of-fundy-packages\/"},"modified":"2025-09-30T20:11:59","modified_gmt":"2025-09-30T23:11:59","slug":"forfaits-vivez-lexperience-de-la-baie-de-fundy","status":"publish","type":"page","link":"https:\/\/www.falconridgeinn.nb.ca\/fr\/forfaits-vivez-lexperience-de-la-baie-de-fundy\/","title":{"rendered":"Forfaits"},"content":{"rendered":"<p><div class=\"fusion-fullwidth fullwidth-box fusion-builder-row-1 fusion-flex-container has-pattern-background has-mask-background nonhundred-percent-fullwidth non-hundred-percent-height-scrolling\" style=\"--awb-background-position:left top;--awb-border-sizes-top:0px;--awb-border-sizes-bottom:0px;--awb-border-sizes-left:0px;--awb-border-sizes-right:0px;--awb-border-radius-top-left:0px;--awb-border-radius-top-right:0px;--awb-border-radius-bottom-right:0px;--awb-border-radius-bottom-left:0px;--awb-padding-top:80px;--awb-padding-right:20px;--awb-padding-bottom:0px;--awb-padding-left:20px;--awb-flex-wrap:wrap;\" ><div class=\"fusion-builder-row fusion-row fusion-flex-align-items-stretch fusion-flex-justify-content-space-between fusion-flex-content-wrap\" style=\"max-width:calc( 1170px + 0px );margin-left: calc(-0px \/ 2 );margin-right: calc(-0px \/ 2 );\"><div class=\"fusion-layout-column fusion_builder_column fusion-builder-column-0 fusion_builder_column_1_1 1_1 fusion-flex-column page-intro\" style=\"--awb-bg-size:cover;--awb-width-large:100%;--awb-margin-top-large:0px;--awb-spacing-right-large:0px;--awb-margin-bottom-large:0px;--awb-spacing-left-large:0px;--awb-width-medium:100%;--awb-spacing-right-medium:0px;--awb-spacing-left-medium:0px;--awb-width-small:100%;--awb-spacing-right-small:0px;--awb-spacing-left-small:0px;\"><div class=\"fusion-column-wrapper fusion-flex-justify-content-center fusion-content-layout-column\"><h1 style=\"text-align: center;\">Venez\u2026  Faites du Falcon Ridge Inn votre port d\u2019attache pendant que vous explorez et profitez de l\u2019exp\u00e9rience de la baie de Fundy.<br \/><br \/>\nNous avons cr\u00e9\u00e9 des nouveaux forfaits excitant afin de vous faire profiter au maximum de votre s\u00e9jour dans la baie de Fundy.\n<\/h1><div class=\"fusion-separator fusion-no-small-visibility fusion-full-width-sep\" style=\"align-self: center;margin-left: auto;margin-right: auto;margin-top:20px;width:100%;\"><\/div><\/div><\/div><\/div><\/div><div class=\"fusion-fullwidth fullwidth-box fusion-builder-row-2 fusion-flex-container has-pattern-background has-mask-background nonhundred-percent-fullwidth non-hundred-percent-height-scrolling packages-wrap\" style=\"--awb-background-position:left top;--awb-border-sizes-top:0px;--awb-border-sizes-bottom:0px;--awb-border-sizes-left:0px;--awb-border-sizes-right:0px;--awb-border-radius-top-left:0px;--awb-border-radius-top-right:0px;--awb-border-radius-bottom-right:0px;--awb-border-radius-bottom-left:0px;--awb-padding-top:60px;--awb-padding-right:20px;--awb-padding-bottom:0px;--awb-padding-left:20px;--awb-flex-wrap:wrap;\" ><div class=\"fusion-builder-row fusion-row fusion-flex-align-items-stretch fusion-flex-justify-content-space-around fusion-flex-content-wrap\" style=\"max-width:1216.8px;margin-left: calc(-4% \/ 2 );margin-right: calc(-4% \/ 2 );\"><div class=\"fusion-layout-column fusion_builder_column fusion-builder-column-1 fusion-flex-column fusion-flex-align-self-stretch package\" style=\"--awb-padding-right:0px;--awb-padding-bottom:1em;--awb-padding-left:0px;--awb-bg-size:cover;--awb-width-large:48%;--awb-margin-top-large:0px;--awb-spacing-right-large:4%;--awb-margin-bottom-large:20px;--awb-spacing-left-large:4%;--awb-width-medium:95%;--awb-order-medium:0;--awb-spacing-right-medium:15px;--awb-spacing-left-medium:15px;--awb-width-small:95%;--awb-order-small:0;--awb-spacing-right-small:15px;--awb-spacing-left-small:15px;\" data-scroll-devices=\"small-visibility,medium-visibility,large-visibility\"><div class=\"fusion-column-wrapper fusion-column-has-shadow fusion-flex-justify-content-flex-start fusion-content-layout-column\"><div class=\"fusion-text fusion-text-1\" style=\"--awb-text-transform:none;\"><p><img decoding=\"async\" class=\"size-full wp-image-7958 aligncenter\" src=\"https:\/\/www.falconridgeinn.nb.ca\/wp-content\/uploads\/2020\/09\/spring-01-2.jpg\" alt=\"\" width=\"767\" height=\"425\" srcset=\"https:\/\/www.falconridgeinn.nb.ca\/wp-content\/uploads\/2020\/09\/spring-01-2-200x111.jpg 200w, https:\/\/www.falconridgeinn.nb.ca\/wp-content\/uploads\/2020\/09\/spring-01-2-300x166.jpg 300w, https:\/\/www.falconridgeinn.nb.ca\/wp-content\/uploads\/2020\/09\/spring-01-2-400x222.jpg 400w, https:\/\/www.falconridgeinn.nb.ca\/wp-content\/uploads\/2020\/09\/spring-01-2-600x332.jpg 600w, https:\/\/www.falconridgeinn.nb.ca\/wp-content\/uploads\/2020\/09\/spring-01-2.jpg 767w\" sizes=\"(max-width: 767px) 100vw, 767px\" \/><\/p>\n<\/div><div class=\"fusion-text fusion-text-2\" style=\"--awb-text-transform:none;\"><h2 class=\"fusion-responsive-typography-calculated\" style=\"text-align: center; --fontsize: 30; line-height: 1.4; --minfontsize: 26;\" data-fontsize=\"30\" data-lineheight=\"42px\">Forfait printanier baie de fundy de trois nuits<\/h2>\n<p style=\"text-align: center;\">Voir les Rochers Hopewell avant les foules estivales! Passez trois nuits avec nous ce printemps dans une \u00ab chambre avec une vue spectaculaire \u00bb et une douche attenants, d\u2019un mini-r\u00e9frig\u00e9rateur, d\u2019une cafeti\u00e8re, d\u2019une connexion Wi-Fi gratuite, d\u2019une t\u00e9l\u00e9vision par satellite\/DVD\/films surplombant la majestueuse baie de Fundy.<\/p>\n<p class=\"includes\" style=\"text-align: center;\"><em>Le forfait inclut<\/em><\/p>\n<ul>\n<li>deux laissez-passer de 48 heures aux Rochers Hopewell<\/li>\n<li>deux laissez-passer d\u2019une journ\u00e9e au parc national Fundy<\/li>\n<li>sirop d\u2019\u00e9rable local dans un contenant d\u00e9coratif en feuille d\u2019\u00e9rable en verre<\/li>\n<li>une publication li\u00e9e aux fonds d\u2019Outpost Alma<\/li>\n<li>trois petits d\u00e9jeuners complets avec horaires flexibles et tables individuelles<\/li>\n<\/ul>\n<p style=\"text-align: center;\"><em>Disponible du 13 mai au 31 mai 2026<\/em><\/p>\n<p style=\"text-align: center;\"><a href=\"https:\/\/www.falconridgeinn.nb.ca\/fr\/contactez-nous\/\"><span class=\"highlight\">SEULEMENT 599 $ PAR COUPLE PLUS TAXES APPLICABLES<br \/>\n<em>Contactez-nous pour faire une r\u00e9servation<\/em><\/span><\/a><\/p>\n<\/div><\/div><\/div><div class=\"fusion-layout-column fusion_builder_column fusion-builder-column-2 fusion-flex-column fusion-flex-align-self-stretch package\" style=\"--awb-padding-right:0px;--awb-padding-bottom:1em;--awb-padding-left:0px;--awb-bg-size:cover;--awb-width-large:48%;--awb-margin-top-large:0px;--awb-spacing-right-large:4%;--awb-margin-bottom-large:20px;--awb-spacing-left-large:4%;--awb-width-medium:95%;--awb-order-medium:0;--awb-spacing-right-medium:15px;--awb-spacing-left-medium:15px;--awb-width-small:95%;--awb-order-small:0;--awb-spacing-right-small:15px;--awb-spacing-left-small:15px;\" data-scroll-devices=\"small-visibility,medium-visibility,large-visibility\"><div class=\"fusion-column-wrapper fusion-column-has-shadow fusion-flex-justify-content-flex-start fusion-content-layout-column\"><div class=\"fusion-text fusion-text-3\"><p><img decoding=\"async\" class=\"alignnone wp-image-10677 size-full\" src=\"https:\/\/www.falconridgeinn.nb.ca\/wp-content\/uploads\/2022\/07\/owls-head.jpg\" alt=\"\" width=\"767\" height=\"425\" srcset=\"https:\/\/www.falconridgeinn.nb.ca\/wp-content\/uploads\/2022\/07\/owls-head-200x111.jpg 200w, https:\/\/www.falconridgeinn.nb.ca\/wp-content\/uploads\/2022\/07\/owls-head-300x166.jpg 300w, https:\/\/www.falconridgeinn.nb.ca\/wp-content\/uploads\/2022\/07\/owls-head-400x222.jpg 400w, https:\/\/www.falconridgeinn.nb.ca\/wp-content\/uploads\/2022\/07\/owls-head-600x332.jpg 600w, https:\/\/www.falconridgeinn.nb.ca\/wp-content\/uploads\/2022\/07\/owls-head.jpg 767w\" sizes=\"(max-width: 767px) 100vw, 767px\" \/><\/p>\n<\/div><div class=\"fusion-text fusion-text-4\"><h2 class=\"fusion-responsive-typography-calculated\" style=\"text-align: center; --fontsize: 30; line-height: 1.4; --minfontsize: 26;\" data-fontsize=\"30\" data-lineheight=\"42px\">Forfait printemps de deux nuits<\/h2>\n<p style=\"text-align: center;\">D\u00e9couvrez le parc national Fundy avant la foule! Passez deux nuits chez nous ce printemps dans une \u00ab\u00a0chambre avec une vue spectaculaire\u00a0\u00bb offrant une baignoire \u00e0 remous et une douche attenantes, un mini-r\u00e9frig\u00e9rateur, une cafeti\u00e8re, un Wi-Fi gratuit, une t\u00e9l\u00e9vision par satellite avec DVD\/films donnant sur la majestueuse baie de Fundy.<\/p>\n<p class=\"includes\" style=\"text-align: center; margin-top: 20px;\"><em>LE FORFAIT INCLUT<\/em><\/p>\n<ul>\n<li>deux laissez-passer pour une journ\u00e9e au parc national Fundy<\/li>\n<li>du sirop d&rsquo;\u00e9rable pur dans un contenant en verre en forme de feuille d&rsquo;\u00e9rable<\/li>\n<li>une publication sur Fundy d&rsquo;Outpost Alma<\/li>\n<li>deux petits-d\u00e9jeuners complets avec horaires flexibles et tables individuelles<\/li>\n<\/ul>\n<p style=\"text-align: center; margin-top: 20px;\"><em>Disponible du 13 au 31 mai 2026<\/em><\/p>\n<p style=\"text-align: center;\"><a href=\"https:\/\/www.falconridgeinn.nb.ca\/fr\/contactez-nous\/\"><span class=\"highlight\">SEULEMENT 395 $ PAR COUPLE PLUS TAXES APPLICABLES<br \/>\n<em>Contactez-nous pour faire une r\u00e9servation<\/em><\/span><\/a><\/p>\n<\/div><\/div><\/div><div class=\"fusion-layout-column fusion_builder_column fusion-builder-column-3 fusion-flex-column fusion-flex-align-self-stretch package\" style=\"--awb-padding-right:0px;--awb-padding-bottom:1em;--awb-padding-left:0px;--awb-bg-size:cover;--awb-width-large:48%;--awb-margin-top-large:0px;--awb-spacing-right-large:4%;--awb-margin-bottom-large:20px;--awb-spacing-left-large:4%;--awb-width-medium:95%;--awb-order-medium:0;--awb-spacing-right-medium:15px;--awb-spacing-left-medium:15px;--awb-width-small:95%;--awb-order-small:0;--awb-spacing-right-small:15px;--awb-spacing-left-small:15px;\" data-scroll-devices=\"small-visibility,medium-visibility,large-visibility\"><div class=\"fusion-column-wrapper fusion-column-has-shadow fusion-flex-justify-content-flex-start fusion-content-layout-column\"><div class=\"fusion-text fusion-text-5\"><p>&nbsp;<\/p>\n<div id=\"attachment_19874\" style=\"width: 777px\" class=\"wp-caption alignnone\"><img decoding=\"async\" aria-describedby=\"caption-attachment-19874\" class=\"wp-image-19874 size-full\" src=\"https:\/\/www.falconridgeinn.nb.ca\/wp-content\/uploads\/2025\/09\/mosaic-hero.jpg\" alt=\"\" width=\"767\" height=\"637\" srcset=\"https:\/\/www.falconridgeinn.nb.ca\/wp-content\/uploads\/2025\/09\/mosaic-hero-200x166.jpg 200w, https:\/\/www.falconridgeinn.nb.ca\/wp-content\/uploads\/2025\/09\/mosaic-hero-300x249.jpg 300w, https:\/\/www.falconridgeinn.nb.ca\/wp-content\/uploads\/2025\/09\/mosaic-hero-400x332.jpg 400w, https:\/\/www.falconridgeinn.nb.ca\/wp-content\/uploads\/2025\/09\/mosaic-hero-600x498.jpg 600w, https:\/\/www.falconridgeinn.nb.ca\/wp-content\/uploads\/2025\/09\/mosaic-hero.jpg 767w\" sizes=\"(max-width: 767px) 100vw, 767px\" \/><p id=\"caption-attachment-19874\" class=\"wp-caption-text\">Photo: le studio de Tim Isaac<\/p><\/div>\n<p>&nbsp;<\/p>\n<\/div><div class=\"fusion-text fusion-text-6\" style=\"--awb-text-transform:none;\"><h2 style=\"text-align: center;\">Forfait atelier de mosa\u00efque de Fundy de deux nuits<\/h2>\n<p style=\"text-align: center;\">Si vous souhaitez fabriquer vos propres souvenirs uniques de Fundy, ce forfait est fait pour vous\u00a0! Aucune exp\u00e9rience n&rsquo;est n\u00e9cessaire et le mat\u00e9riel est fourni pour cet atelier de trois heures. Vous serez guid\u00e9 \u00e0 travers les \u00e9tapes de conception et de cr\u00e9ation de votre propre belle \u0153uvre d\u2019art.<\/p>\n<p style=\"text-align: center;\">Passez deux nuits avec nous dans une \u00ab chambre avec une vue spectaculaire \u00bb comprenant un bain \u00e0 remous et une douche attenants, un mini-r\u00e9frig\u00e9rateur, une cafeti\u00e8re, une connexion Wi-Fi gratuite, une t\u00e9l\u00e9vision par satellite\/DVD\/films avec vue sur le majestueux Baie de Fundy.<\/p>\n<p style=\"text-align: center;\"><em>Le forfait comprend<\/em><\/p>\n<ul>\n<li>atelier priv\u00e9 de trois heures pour deux personnes \u00e0 quelques minutes en voiture d&rsquo;Alma<\/li>\n<li>sirop d&rsquo;\u00e9rable pur dans un r\u00e9cipient d\u00e9coratif en verre en forme de feuille d&rsquo;\u00e9rable<\/li>\n<li>deux petits d\u00e9jeuners complets avec horaires flexibles et tables individuelles<\/li>\n<\/ul>\n<p style=\"text-align: center;\"><em>Disponible du 13 mai au 17 octobre 2026 sous r\u00e9serve de disponibilit\u00e9<\/em><\/p>\n<p style=\"text-align: center;\"><a href=\"https:\/\/www.falconridgeinn.nb.ca\/fr\/contactez-nous\/\"><span class=\"highlight\">SEULEMENT 619 $ PAR COUPLE PLUS TAXES APPLICABLES<br \/>\n<em>Contactez-nous pour faire une r\u00e9servation<\/em><\/span><\/a><\/p>\n<p style=\"text-align: center;\"><em>Des variations sur ce forfait pour un nombre diff\u00e9rent de nuits ou de personnes sont possibles. Contactez-nous pour les tarifs.<\/em><\/p>\n<\/div><\/div><\/div><\/div><\/div><div class=\"fusion-fullwidth fullwidth-box fusion-builder-row-3 fusion-flex-container nonhundred-percent-fullwidth non-hundred-percent-height-scrolling\" style=\"--awb-border-radius-top-left:0px;--awb-border-radius-top-right:0px;--awb-border-radius-bottom-right:0px;--awb-border-radius-bottom-left:0px;--awb-padding-top:0px;--awb-padding-right:20px;--awb-padding-bottom:0px;--awb-padding-left:20px;--awb-flex-wrap:wrap;\" ><div class=\"fusion-builder-row fusion-row fusion-flex-align-items-flex-start fusion-flex-content-wrap\" style=\"max-width:calc( 1170px + 0px );margin-left: calc(-0px \/ 2 );margin-right: calc(-0px \/ 2 );\"><div class=\"fusion-layout-column fusion_builder_column fusion-builder-column-4 fusion_builder_column_1_1 1_1 fusion-flex-column\" style=\"--awb-bg-size:cover;--awb-width-large:100%;--awb-margin-top-large:0px;--awb-spacing-right-large:0px;--awb-margin-bottom-large:0px;--awb-spacing-left-large:0px;--awb-width-medium:100%;--awb-spacing-right-medium:0px;--awb-spacing-left-medium:0px;--awb-width-small:100%;--awb-spacing-right-small:0px;--awb-spacing-left-small:0px;\"><div class=\"fusion-column-wrapper fusion-flex-justify-content-flex-start fusion-content-layout-column\"><div class=\"fusion-separator fusion-no-small-visibility fusion-full-width-sep\" style=\"align-self: center;margin-left: auto;margin-right: auto;margin-top:40px;width:100%;\"><\/div><div class=\"fusion-text fusion-text-7\"><h2 style=\"text-align: center;\">Certificats cadeaux disponibles<\/h2>\n<p style=\"text-align: center;\">T\u00e9l\u00e9phonez-nous \u00e0 <a href=\"tel:18883219090\">888\u2011321\u20119090<\/a> ou, localement \u00e0 <a href=\"tel:5068871110\">(506)\u00a0887\u20111110<\/a><\/p>\n<\/div><div class=\"fusion-separator fusion-no-small-visibility fusion-full-width-sep\" style=\"align-self: center;margin-left: auto;margin-right: auto;margin-top:40px;width:100%;\"><\/div><\/div><\/div><\/div><\/div><\/p>\n","protected":false},"excerpt":{"rendered":"","protected":false},"author":2,"featured_media":0,"parent":0,"menu_order":0,"comment_status":"closed","ping_status":"closed","template":"100-width.php","meta":{"footnotes":""},"class_list":["post-8000","page","type-page","status-publish","hentry"],"yoast_head":"<!-- This site is optimized with the Yoast SEO plugin v27.3 - https:\/\/yoast.com\/product\/yoast-seo-wordpress\/ -->\n<title>Forfait escapade, chambre avec une vue spectaculaire de la baie de Fundy<\/title>\n<meta name=\"description\" content=\"Vivez l\u2019exp\u00e9rience de la baie de Fundy, forfaits excitants afin de vous faire profiter au maximum de votre s\u00e9jour dans la baie de Fundy.\" \/>\n<meta name=\"robots\" content=\"index, follow, max-snippet:-1, max-image-preview:large, max-video-preview:-1\" \/>\n<link rel=\"canonical\" href=\"https:\/\/www.falconridgeinn.nb.ca\/fr\/forfaits-vivez-lexperience-de-la-baie-de-fundy\/\" \/>\n<meta property=\"og:locale\" content=\"fr_FR\" \/>\n<meta property=\"og:type\" content=\"article\" \/>\n<meta property=\"og:title\" content=\"Forfait escapade, chambre avec une vue spectaculaire de la baie de Fundy\" \/>\n<meta property=\"og:description\" content=\"Vivez l\u2019exp\u00e9rience de la baie de Fundy, forfaits excitants afin de vous faire profiter au maximum de votre s\u00e9jour dans la baie de Fundy.\" \/>\n<meta property=\"og:url\" content=\"https:\/\/www.falconridgeinn.nb.ca\/fr\/forfaits-vivez-lexperience-de-la-baie-de-fundy\/\" \/>\n<meta property=\"og:site_name\" content=\"Falcon Ridge Inn, Alma\" \/>\n<meta property=\"article:publisher\" content=\"https:\/\/www.facebook.com\/Falcon-Ridge-Inn-130231357007199\" \/>\n<meta property=\"article:modified_time\" content=\"2025-09-30T23:11:59+00:00\" \/>\n<meta property=\"og:image\" content=\"https:\/\/www.falconridgeinn.nb.ca\/wp-content\/uploads\/2020\/09\/spring-01-2.jpg\" \/>\n\t<meta property=\"og:image:width\" content=\"767\" \/>\n\t<meta property=\"og:image:height\" content=\"425\" \/>\n\t<meta property=\"og:image:type\" content=\"image\/jpeg\" \/>\n<meta name=\"twitter:card\" content=\"summary_large_image\" \/>\n<meta name=\"twitter:label1\" content=\"Dur\u00e9e de lecture estim\u00e9e\" \/>\n\t<meta name=\"twitter:data1\" content=\"3 minutes\" \/>\n<script type=\"application\/ld+json\" class=\"yoast-schema-graph\">{\"@context\":\"https:\\\/\\\/schema.org\",\"@graph\":[{\"@type\":\"WebPage\",\"@id\":\"https:\\\/\\\/www.falconridgeinn.nb.ca\\\/fr\\\/forfaits-vivez-lexperience-de-la-baie-de-fundy\\\/\",\"url\":\"https:\\\/\\\/www.falconridgeinn.nb.ca\\\/fr\\\/forfaits-vivez-lexperience-de-la-baie-de-fundy\\\/\",\"name\":\"Forfait escapade, chambre avec une vue spectaculaire de la baie de Fundy\",\"isPartOf\":{\"@id\":\"https:\\\/\\\/www.falconridgeinn.nb.ca\\\/en\\\/#website\"},\"primaryImageOfPage\":{\"@id\":\"https:\\\/\\\/www.falconridgeinn.nb.ca\\\/fr\\\/forfaits-vivez-lexperience-de-la-baie-de-fundy\\\/#primaryimage\"},\"image\":{\"@id\":\"https:\\\/\\\/www.falconridgeinn.nb.ca\\\/fr\\\/forfaits-vivez-lexperience-de-la-baie-de-fundy\\\/#primaryimage\"},\"thumbnailUrl\":\"https:\\\/\\\/www.falconridgeinn.nb.ca\\\/wp-content\\\/uploads\\\/2020\\\/09\\\/spring-01-2.jpg\",\"datePublished\":\"2021-03-28T12:34:36+00:00\",\"dateModified\":\"2025-09-30T23:11:59+00:00\",\"description\":\"Vivez l\u2019exp\u00e9rience de la baie de Fundy, forfaits excitants afin de vous faire profiter au maximum de votre s\u00e9jour dans la baie de Fundy.\",\"breadcrumb\":{\"@id\":\"https:\\\/\\\/www.falconridgeinn.nb.ca\\\/fr\\\/forfaits-vivez-lexperience-de-la-baie-de-fundy\\\/#breadcrumb\"},\"inLanguage\":\"fr-FR\",\"potentialAction\":[{\"@type\":\"ReadAction\",\"target\":[\"https:\\\/\\\/www.falconridgeinn.nb.ca\\\/fr\\\/forfaits-vivez-lexperience-de-la-baie-de-fundy\\\/\"]}]},{\"@type\":\"ImageObject\",\"inLanguage\":\"fr-FR\",\"@id\":\"https:\\\/\\\/www.falconridgeinn.nb.ca\\\/fr\\\/forfaits-vivez-lexperience-de-la-baie-de-fundy\\\/#primaryimage\",\"url\":\"https:\\\/\\\/www.falconridgeinn.nb.ca\\\/wp-content\\\/uploads\\\/2020\\\/09\\\/spring-01-2.jpg\",\"contentUrl\":\"https:\\\/\\\/www.falconridgeinn.nb.ca\\\/wp-content\\\/uploads\\\/2020\\\/09\\\/spring-01-2.jpg\"},{\"@type\":\"BreadcrumbList\",\"@id\":\"https:\\\/\\\/www.falconridgeinn.nb.ca\\\/fr\\\/forfaits-vivez-lexperience-de-la-baie-de-fundy\\\/#breadcrumb\",\"itemListElement\":[{\"@type\":\"ListItem\",\"position\":1,\"name\":\"Home\",\"item\":\"https:\\\/\\\/www.falconridgeinn.nb.ca\\\/fr\\\/home\\\/\"},{\"@type\":\"ListItem\",\"position\":2,\"name\":\"Forfaits\"}]},{\"@type\":\"WebSite\",\"@id\":\"https:\\\/\\\/www.falconridgeinn.nb.ca\\\/en\\\/#website\",\"url\":\"https:\\\/\\\/www.falconridgeinn.nb.ca\\\/en\\\/\",\"name\":\"Falcon Ridge Inn, Alma\",\"description\":\"\",\"publisher\":{\"@id\":\"https:\\\/\\\/www.falconridgeinn.nb.ca\\\/en\\\/#organization\"},\"potentialAction\":[{\"@type\":\"SearchAction\",\"target\":{\"@type\":\"EntryPoint\",\"urlTemplate\":\"https:\\\/\\\/www.falconridgeinn.nb.ca\\\/en\\\/?s={search_term_string}\"},\"query-input\":{\"@type\":\"PropertyValueSpecification\",\"valueRequired\":true,\"valueName\":\"search_term_string\"}}],\"inLanguage\":\"fr-FR\"},{\"@type\":\"Organization\",\"@id\":\"https:\\\/\\\/www.falconridgeinn.nb.ca\\\/en\\\/#organization\",\"name\":\"Falcon Ridge Inn, Alma NB\",\"url\":\"https:\\\/\\\/www.falconridgeinn.nb.ca\\\/en\\\/\",\"logo\":{\"@type\":\"ImageObject\",\"inLanguage\":\"fr-FR\",\"@id\":\"https:\\\/\\\/www.falconridgeinn.nb.ca\\\/en\\\/#\\\/schema\\\/logo\\\/image\\\/\",\"url\":\"https:\\\/\\\/www.falconridgeinn.nb.ca\\\/wp-content\\\/uploads\\\/2017\\\/12\\\/falcon-ridge-inn-logo-100.png\",\"contentUrl\":\"https:\\\/\\\/www.falconridgeinn.nb.ca\\\/wp-content\\\/uploads\\\/2017\\\/12\\\/falcon-ridge-inn-logo-100.png\",\"width\":267,\"height\":100,\"caption\":\"Falcon Ridge Inn, Alma NB\"},\"image\":{\"@id\":\"https:\\\/\\\/www.falconridgeinn.nb.ca\\\/en\\\/#\\\/schema\\\/logo\\\/image\\\/\"},\"sameAs\":[\"https:\\\/\\\/www.facebook.com\\\/Falcon-Ridge-Inn-130231357007199\"]}]}<\/script>\n<!-- \/ Yoast SEO plugin. -->","yoast_head_json":{"title":"Forfait escapade, chambre avec une vue spectaculaire de la baie de Fundy","description":"Vivez l\u2019exp\u00e9rience de la baie de Fundy, forfaits excitants afin de vous faire profiter au maximum de votre s\u00e9jour dans la baie de Fundy.","robots":{"index":"index","follow":"follow","max-snippet":"max-snippet:-1","max-image-preview":"max-image-preview:large","max-video-preview":"max-video-preview:-1"},"canonical":"https:\/\/www.falconridgeinn.nb.ca\/fr\/forfaits-vivez-lexperience-de-la-baie-de-fundy\/","og_locale":"fr_FR","og_type":"article","og_title":"Forfait escapade, chambre avec une vue spectaculaire de la baie de Fundy","og_description":"Vivez l\u2019exp\u00e9rience de la baie de Fundy, forfaits excitants afin de vous faire profiter au maximum de votre s\u00e9jour dans la baie de Fundy.","og_url":"https:\/\/www.falconridgeinn.nb.ca\/fr\/forfaits-vivez-lexperience-de-la-baie-de-fundy\/","og_site_name":"Falcon Ridge Inn, Alma","article_publisher":"https:\/\/www.facebook.com\/Falcon-Ridge-Inn-130231357007199","article_modified_time":"2025-09-30T23:11:59+00:00","og_image":[{"width":767,"height":425,"url":"https:\/\/www.falconridgeinn.nb.ca\/wp-content\/uploads\/2020\/09\/spring-01-2.jpg","type":"image\/jpeg"}],"twitter_card":"summary_large_image","twitter_misc":{"Dur\u00e9e de lecture estim\u00e9e":"3 minutes"},"schema":{"@context":"https:\/\/schema.org","@graph":[{"@type":"WebPage","@id":"https:\/\/www.falconridgeinn.nb.ca\/fr\/forfaits-vivez-lexperience-de-la-baie-de-fundy\/","url":"https:\/\/www.falconridgeinn.nb.ca\/fr\/forfaits-vivez-lexperience-de-la-baie-de-fundy\/","name":"Forfait escapade, chambre avec une vue spectaculaire de la baie de Fundy","isPartOf":{"@id":"https:\/\/www.falconridgeinn.nb.ca\/en\/#website"},"primaryImageOfPage":{"@id":"https:\/\/www.falconridgeinn.nb.ca\/fr\/forfaits-vivez-lexperience-de-la-baie-de-fundy\/#primaryimage"},"image":{"@id":"https:\/\/www.falconridgeinn.nb.ca\/fr\/forfaits-vivez-lexperience-de-la-baie-de-fundy\/#primaryimage"},"thumbnailUrl":"https:\/\/www.falconridgeinn.nb.ca\/wp-content\/uploads\/2020\/09\/spring-01-2.jpg","datePublished":"2021-03-28T12:34:36+00:00","dateModified":"2025-09-30T23:11:59+00:00","description":"Vivez l\u2019exp\u00e9rience de la baie de Fundy, forfaits excitants afin de vous faire profiter au maximum de votre s\u00e9jour dans la baie de Fundy.","breadcrumb":{"@id":"https:\/\/www.falconridgeinn.nb.ca\/fr\/forfaits-vivez-lexperience-de-la-baie-de-fundy\/#breadcrumb"},"inLanguage":"fr-FR","potentialAction":[{"@type":"ReadAction","target":["https:\/\/www.falconridgeinn.nb.ca\/fr\/forfaits-vivez-lexperience-de-la-baie-de-fundy\/"]}]},{"@type":"ImageObject","inLanguage":"fr-FR","@id":"https:\/\/www.falconridgeinn.nb.ca\/fr\/forfaits-vivez-lexperience-de-la-baie-de-fundy\/#primaryimage","url":"https:\/\/www.falconridgeinn.nb.ca\/wp-content\/uploads\/2020\/09\/spring-01-2.jpg","contentUrl":"https:\/\/www.falconridgeinn.nb.ca\/wp-content\/uploads\/2020\/09\/spring-01-2.jpg"},{"@type":"BreadcrumbList","@id":"https:\/\/www.falconridgeinn.nb.ca\/fr\/forfaits-vivez-lexperience-de-la-baie-de-fundy\/#breadcrumb","itemListElement":[{"@type":"ListItem","position":1,"name":"Home","item":"https:\/\/www.falconridgeinn.nb.ca\/fr\/home\/"},{"@type":"ListItem","position":2,"name":"Forfaits"}]},{"@type":"WebSite","@id":"https:\/\/www.falconridgeinn.nb.ca\/en\/#website","url":"https:\/\/www.falconridgeinn.nb.ca\/en\/","name":"Falcon Ridge Inn, Alma","description":"","publisher":{"@id":"https:\/\/www.falconridgeinn.nb.ca\/en\/#organization"},"potentialAction":[{"@type":"SearchAction","target":{"@type":"EntryPoint","urlTemplate":"https:\/\/www.falconridgeinn.nb.ca\/en\/?s={search_term_string}"},"query-input":{"@type":"PropertyValueSpecification","valueRequired":true,"valueName":"search_term_string"}}],"inLanguage":"fr-FR"},{"@type":"Organization","@id":"https:\/\/www.falconridgeinn.nb.ca\/en\/#organization","name":"Falcon Ridge Inn, Alma NB","url":"https:\/\/www.falconridgeinn.nb.ca\/en\/","logo":{"@type":"ImageObject","inLanguage":"fr-FR","@id":"https:\/\/www.falconridgeinn.nb.ca\/en\/#\/schema\/logo\/image\/","url":"https:\/\/www.falconridgeinn.nb.ca\/wp-content\/uploads\/2017\/12\/falcon-ridge-inn-logo-100.png","contentUrl":"https:\/\/www.falconridgeinn.nb.ca\/wp-content\/uploads\/2017\/12\/falcon-ridge-inn-logo-100.png","width":267,"height":100,"caption":"Falcon Ridge Inn, Alma NB"},"image":{"@id":"https:\/\/www.falconridgeinn.nb.ca\/en\/#\/schema\/logo\/image\/"},"sameAs":["https:\/\/www.facebook.com\/Falcon-Ridge-Inn-130231357007199"]}]}},"_links":{"self":[{"href":"https:\/\/www.falconridgeinn.nb.ca\/fr\/wp-json\/wp\/v2\/pages\/8000","targetHints":{"allow":["GET"]}}],"collection":[{"href":"https:\/\/www.falconridgeinn.nb.ca\/fr\/wp-json\/wp\/v2\/pages"}],"about":[{"href":"https:\/\/www.falconridgeinn.nb.ca\/fr\/wp-json\/wp\/v2\/types\/page"}],"author":[{"embeddable":true,"href":"https:\/\/www.falconridgeinn.nb.ca\/fr\/wp-json\/wp\/v2\/users\/2"}],"replies":[{"embeddable":true,"href":"https:\/\/www.falconridgeinn.nb.ca\/fr\/wp-json\/wp\/v2\/comments?post=8000"}],"version-history":[{"count":5,"href":"https:\/\/www.falconridgeinn.nb.ca\/fr\/wp-json\/wp\/v2\/pages\/8000\/revisions"}],"predecessor-version":[{"id":19905,"href":"https:\/\/www.falconridgeinn.nb.ca\/fr\/wp-json\/wp\/v2\/pages\/8000\/revisions\/19905"}],"wp:attachment":[{"href":"https:\/\/www.falconridgeinn.nb.ca\/fr\/wp-json\/wp\/v2\/media?parent=8000"}],"curies":[{"name":"wp","href":"https:\/\/api.w.org\/{rel}","templated":true}]}}